{"id":4310,"date":"2020-03-12T13:07:39","date_gmt":"2020-03-12T13:07:39","guid":{"rendered":"http:\/\/waelderfuermorgen.de\/?page_id=4310"},"modified":"2023-06-16T11:49:42","modified_gmt":"2023-06-16T11:49:42","slug":"impressum","status":"publish","type":"page","link":"https:\/\/waelderfuermorgen.de\/?page_id=4310","title":{"rendered":"Impressum"},"content":{"rendered":"<p><strong>Herausgeber<\/strong><br \/>\nGemeinn\u00fctzige Stiftung W\u00e4lder f\u00fcr Morgen<br \/>\nIndustriestra\u00dfe West 3 , 63808 Haibach<\/p>\n<p>Gesch\u00e4ftsf\u00fchrender Vorstand<br \/>\nDr. Martin Schmitt-Beaucamp<br \/>\nMobil: 0162 \u2013 17 46 376<br \/>\nE-Mail: wildapfel@gmail.com<\/p>\n<p>Stellvertr. Gesch\u00e4ftsf\u00fchrer<br \/>\nMichael Rippl-Bauermeister<br \/>\nMobil: 0173 \u2013 62 11 772<br \/>\nE-Mail: info@gswfm.de<\/p>\n<p><strong>Postanschrift<\/strong><\/p>\n<p>Au\u00dfenstelle Nord<br \/>\nGartenstra\u00dfe 6 \/ DG<br \/>\n16798 F\u00fcrstenberg (Havel)<br \/>\nFON: 033093 \u2013 18 96 37<br \/>\nFAX: 033704 \u2013 670 125<\/p>\n<p>Au\u00dfenstelle S\u00fcd<br \/>\nD\u00e4mmchen 14<br \/>\n15837 Baruth OT Sch\u00f6bendorf<br \/>\nFON: 033704 \u2013 670 134<br \/>\nFAX: 033704 \u2013 670 125<\/p>\n<p>Umsatzsteueridentifikation-Nr.: DE 814545960<\/p>\n","protected":false},"excerpt":{"rendered":"<p>Herausgeber Gemeinn\u00fctzige Stiftung W\u00e4lder f\u00fcr Morgen Industriestra\u00dfe West 3 , 63808 Haibach Gesch\u00e4ftsf\u00fchrender Vorstand Dr. Martin Schmitt-Beaucamp Mobil: 0162 \u2013 17 46 376 E-Mail: wildapfel@gmail.com Stellvertr. Gesch\u00e4ftsf\u00fchrer Michael Rippl-Bauermeister Mobil: 0173 \u2013 62 11 772 E-Mail: info@gswfm.de Postanschrift Au\u00dfenstelle Nord Gartenstra\u00dfe 6 \/ DG 16798 F\u00fcrstenberg (Havel) FON: 033093 \u2013 [&hellip;]<\/p>\n","protected":false},"author":1,"featured_media":0,"parent":0,"menu_order":0,"comment_status":"closed","ping_status":"closed","template":"","meta":[],"_links":{"self":[{"href":"https:\/\/waelderfuermorgen.de\/index.php?rest_route=\/wp\/v2\/pages\/4310"}],"collection":[{"href":"https:\/\/waelderfuermorgen.de\/index.php?rest_route=\/wp\/v2\/pages"}],"about":[{"href":"https:\/\/waelderfuermorgen.de\/index.php?rest_route=\/wp\/v2\/types\/page"}],"author":[{"embeddable":true,"href":"https:\/\/waelderfuermorgen.de\/index.php?rest_route=\/wp\/v2\/users\/1"}],"replies":[{"embeddable":true,"href":"https:\/\/waelderfuermorgen.de\/index.php?rest_route=%2Fwp%2Fv2%2Fcomments&post=4310"}],"version-history":[{"count":3,"href":"https:\/\/waelderfuermorgen.de\/index.php?rest_route=\/wp\/v2\/pages\/4310\/revisions"}],"predecessor-version":[{"id":4584,"href":"https:\/\/waelderfuermorgen.de\/index.php?rest_route=\/wp\/v2\/pages\/4310\/revisions\/4584"}],"wp:attachment":[{"href":"https:\/\/waelderfuermorgen.de\/index.php?rest_route=%2Fwp%2Fv2%2Fmedia&parent=4310"}],"curies":[{"name":"wp","href":"https:\/\/api.w.org\/{rel}","templated":true}]}}