{"id":4334,"date":"2020-03-12T13:54:23","date_gmt":"2020-03-12T13:54:23","guid":{"rendered":"http:\/\/waelderfuermorgen.de\/?page_id=4334"},"modified":"2023-06-16T11:46:33","modified_gmt":"2023-06-16T11:46:33","slug":"hestia-front","status":"publish","type":"page","link":"https:\/\/waelderfuermorgen.de\/","title":{"rendered":"Front Page"},"content":{"rendered":"<p><strong>\u00dcber uns<\/strong><\/p>\n<p>W\u00e4lder, Wiesen, Seen und S\u00fcmpfe &#8230;\u00a0sind nur ein Teil der vielf\u00e4ltigen \u00d6kosysteme in unserer nat\u00fcrlichen Umwelt. Diese bieten die Grundlage f\u00fcr ein nachhaltiges Miteinander von Mensch und Natur.<\/p>\n<p>Seit unserer Gr\u00fcndung im Jahr 2001 setzen wir uns f\u00fcr den Schutz und den nachhaltigen Umgang mit unterschiedlichsten \u00d6kosystemen in Deutschland ein. Einige unserer Fl\u00e4chen werden daf\u00fcr komplett dem Naturschutz \u00fcberlassen und werden in Zukunft gar nicht mehr genutzt. Andere Gebiete pflegen und entwickeln wir nachhaltig mit einem naturschutzorientierten Ansatz, teils mit unserem eigenen Team, teils in Kooperation mit lokalen Landwirten und weiteren Akteuren. Auch junge Menschen haben bei uns die M\u00f6glichkeit, aktiv ins Management und die Erforschung der uns anvertrauten Gebiete eingebunden zu werden.<\/p>\n<p>So bringen wir Menschen in Ber\u00fchrung mit der Natur und zeigen, dass ein schonender Umgang mit unseren nat\u00fcrlichen Ressourcen m\u00f6glich ist.<\/p>\n<p>&nbsp;<\/p>\n<p>&nbsp;<\/p>\n<p>&nbsp;<\/p>\n<p>&nbsp;<\/p>\n","protected":false},"excerpt":{"rendered":"<p>\u00dcber uns W\u00e4lder, Wiesen, Seen und S\u00fcmpfe &#8230;\u00a0sind nur ein Teil der vielf\u00e4ltigen \u00d6kosysteme in unserer nat\u00fcrlichen Umwelt. Diese bieten die Grundlage f\u00fcr ein nachhaltiges Miteinander von Mensch und Natur. Seit unserer Gr\u00fcndung im Jahr 2001 setzen wir uns f\u00fcr den Schutz und den nachhaltigen Umgang mit unterschiedlichsten \u00d6kosystemen in [&hellip;]<\/p>\n","protected":false},"author":1,"featured_media":4441,"parent":0,"menu_order":0,"comment_status":"closed","ping_status":"closed","template":"","meta":[],"_links":{"self":[{"href":"https:\/\/waelderfuermorgen.de\/index.php?rest_route=\/wp\/v2\/pages\/4334"}],"collection":[{"href":"https:\/\/waelderfuermorgen.de\/index.php?rest_route=\/wp\/v2\/pages"}],"about":[{"href":"https:\/\/waelderfuermorgen.de\/index.php?rest_route=\/wp\/v2\/types\/page"}],"author":[{"embeddable":true,"href":"https:\/\/waelderfuermorgen.de\/index.php?rest_route=\/wp\/v2\/users\/1"}],"replies":[{"embeddable":true,"href":"https:\/\/waelderfuermorgen.de\/index.php?rest_route=%2Fwp%2Fv2%2Fcomments&post=4334"}],"version-history":[{"count":7,"href":"https:\/\/waelderfuermorgen.de\/index.php?rest_route=\/wp\/v2\/pages\/4334\/revisions"}],"predecessor-version":[{"id":4631,"href":"https:\/\/waelderfuermorgen.de\/index.php?rest_route=\/wp\/v2\/pages\/4334\/revisions\/4631"}],"wp:featuredmedia":[{"embeddable":true,"href":"https:\/\/waelderfuermorgen.de\/index.php?rest_route=\/wp\/v2\/media\/4441"}],"wp:attachment":[{"href":"https:\/\/waelderfuermorgen.de\/index.php?rest_route=%2Fwp%2Fv2%2Fmedia&parent=4334"}],"curies":[{"name":"wp","href":"https:\/\/api.w.org\/{rel}","templated":true}]}}