{"id":4368,"date":"2020-03-23T14:14:59","date_gmt":"2020-03-23T14:14:59","guid":{"rendered":"http:\/\/waelderfuermorgen.de\/?page_id=4368"},"modified":"2023-06-16T10:35:46","modified_gmt":"2023-06-16T10:35:46","slug":"aktuelle-projekte","status":"publish","type":"page","link":"https:\/\/waelderfuermorgen.de\/?page_id=4368","title":{"rendered":"Projekte"},"content":{"rendered":"<p>Hier finden Sie eine \u00dcbersicht der aktuellen Projekt der Stiftung W\u00e4lder f\u00fcr Morgen.<\/p>\n","protected":false},"excerpt":{"rendered":"<p>Hier finden Sie eine \u00dcbersicht der aktuellen Projekt der Stiftung W\u00e4lder f\u00fcr Morgen.<\/p>\n","protected":false},"author":1,"featured_media":0,"parent":0,"menu_order":0,"comment_status":"closed","ping_status":"closed","template":"","meta":[],"_links":{"self":[{"href":"https:\/\/waelderfuermorgen.de\/index.php?rest_route=\/wp\/v2\/pages\/4368"}],"collection":[{"href":"https:\/\/waelderfuermorgen.de\/index.php?rest_route=\/wp\/v2\/pages"}],"about":[{"href":"https:\/\/waelderfuermorgen.de\/index.php?rest_route=\/wp\/v2\/types\/page"}],"author":[{"embeddable":true,"href":"https:\/\/waelderfuermorgen.de\/index.php?rest_route=\/wp\/v2\/users\/1"}],"replies":[{"embeddable":true,"href":"https:\/\/waelderfuermorgen.de\/index.php?rest_route=%2Fwp%2Fv2%2Fcomments&post=4368"}],"version-history":[{"count":2,"href":"https:\/\/waelderfuermorgen.de\/index.php?rest_route=\/wp\/v2\/pages\/4368\/revisions"}],"predecessor-version":[{"id":4605,"href":"https:\/\/waelderfuermorgen.de\/index.php?rest_route=\/wp\/v2\/pages\/4368\/revisions\/4605"}],"wp:attachment":[{"href":"https:\/\/waelderfuermorgen.de\/index.php?rest_route=%2Fwp%2Fv2%2Fmedia&parent=4368"}],"curies":[{"name":"wp","href":"https:\/\/api.w.org\/{rel}","templated":true}]}}